{"id":31,"date":"2025-03-28T21:28:44","date_gmt":"2025-03-28T21:28:44","guid":{"rendered":"https:\/\/lakiluk.rs\/?page_id=31"},"modified":"2025-09-26T07:31:30","modified_gmt":"2025-09-26T07:31:30","slug":"o-nama","status":"publish","type":"page","link":"https:\/\/www.lakiluk.rs\/hu\/o-nama\/","title":{"rendered":"R\u00d3LUNK"},"content":{"rendered":"<div data-elementor-type=\"wp-page\" data-elementor-id=\"31\" class=\"elementor elementor-31\">\n\t\t\t\t<div class=\"elementor-element elementor-element-308a508a e-con-full e-flex parallax_section_no qode_elementor_container_no e-con e-parent\" data-id=\"308a508a\" data-element_type=\"container\" data-settings=\"{&quot;background_background&quot;:&quot;gradient&quot;}\">\n\t\t<div class=\"elementor-element elementor-element-92c84e6 e-flex e-con-boxed parallax_section_no qode_elementor_container_no e-con e-child\" data-id=\"92c84e6\" data-element_type=\"container\" data-settings=\"{&quot;background_background&quot;:&quot;classic&quot;,&quot;shape_divider_bottom&quot;:&quot;triangle&quot;,&quot;shape_divider_bottom_negative&quot;:&quot;yes&quot;}\">\n\t\t\t\t\t<div class=\"e-con-inner\">\n\t\t\t\t<div class=\"elementor-shape elementor-shape-bottom\" data-negative=\"true\">\n\t\t\t<svg xmlns=\"http:\/\/www.w3.org\/2000\/svg\" viewbox=\"0 0 1000 100\" preserveaspectratio=\"none\">\n\t<path class=\"elementor-shape-fill\" d=\"M500.2,94.7L0,0v100h1000V0L500.2,94.7z\"\/>\n<\/svg>\t\t<\/div>\n\t\t\t\t\t<\/div>\n\t\t\t\t<\/div>\n\t\t\t\t<\/div>\n\t\t<div class=\"elementor-element elementor-element-7a7e0ff e-flex e-con-boxed parallax_section_no qode_elementor_container_no e-con e-parent\" data-id=\"7a7e0ff\" data-element_type=\"container\" data-settings=\"{&quot;background_background&quot;:&quot;classic&quot;,&quot;shape_divider_bottom&quot;:&quot;triangle&quot;}\">\n\t\t\t\t\t<div class=\"e-con-inner\">\n\t\t\t\t<div class=\"elementor-shape elementor-shape-bottom\" data-negative=\"false\">\n\t\t\t<svg xmlns=\"http:\/\/www.w3.org\/2000\/svg\" viewbox=\"0 0 1000 100\" preserveaspectratio=\"none\">\n\t<path class=\"elementor-shape-fill\" d=\"M500,98.9L0,6.1V0h1000v6.1L500,98.9z\"\/>\n<\/svg>\t\t<\/div>\n\t\t\t\t<div class=\"elementor-element elementor-element-aa5baa1 elementor-widget elementor-widget-heading\" data-id=\"aa5baa1\" data-element_type=\"widget\" data-widget_type=\"heading.default\">\n\t\t\t\t<div class=\"elementor-widget-container\">\n\t\t\t\t\t<h3 class=\"elementor-heading-title elementor-size-default\">A V\u00d6R\u00d6SHAGYMA FELDOLGOZ\u00c1S\u00c1NAK SZAK\u00c9RT\u0150I<\/h3>\t\t\t\t<\/div>\n\t\t\t\t<\/div>\n\t\t\t\t<div class=\"elementor-element elementor-element-4cd5905 elementor-widget elementor-widget-heading\" data-id=\"4cd5905\" data-element_type=\"widget\" data-widget_type=\"heading.default\">\n\t\t\t\t<div class=\"elementor-widget-container\">\n\t\t\t\t\t<h3 class=\"elementor-heading-title elementor-size-default\">Innovat\u00edv megold\u00e1sok kiv\u00e1l\u00f3 min\u0151s\u00e9ghez \u00e9s \u00edzhez.<\/h3>\t\t\t\t<\/div>\n\t\t\t\t<\/div>\n\t\t\t\t\t<\/div>\n\t\t\t\t<\/div>\n\t\t<div class=\"elementor-element elementor-element-ee896f9 e-grid e-con-boxed parallax_section_no qode_elementor_container_no e-con e-parent\" data-id=\"ee896f9\" data-element_type=\"container\" data-settings=\"{&quot;background_background&quot;:&quot;classic&quot;}\">\n\t\t\t\t\t<div class=\"e-con-inner\">\n\t\t\t\t<div class=\"elementor-element elementor-element-14322dd elementor-widget elementor-widget-bridge_info_card_with_icon\" data-id=\"14322dd\" data-element_type=\"widget\" data-widget_type=\"bridge_info_card_with_icon.default\">\n\t\t\t\t<div class=\"elementor-widget-container\">\n\t\t\t\t\t<div class=\"qode-info-card-with-icon\">\n    <div class=\"qode-icwi-image-icon-holder qode-start-icon-hover\">\n\t\t\t\t\t\t\t<div class=\"qode-icwi-image\">\n\t\t\t\t<img decoding=\"async\" src=\"https:\/\/www.lakiluk.rs\/wp-content\/uploads\/2025\/05\/laki-luk-luk.jpg\" alt=\"\" \/>\n\t\t\t<\/div>\n\t\t\t\t<div class=\"qode-icwi-icon-holder\">\n\t\t\t<span class=\"qode-icon-holder qode-icon-circle qode-icon-small\"  style=\"background-color:#FFA5A500\" data-color=\"#FFFFFF00\">\n\t\t\t\t<i class=\"qode_icon_font_awesome fa fa-check-circle qode-icon-element\" style=\"color:#FFFFFF00\" ><\/i>\t\t\t<\/span>\n\t\t<\/div>\n\t\t\t<\/div>\n\t<div class=\"qode-icwi-text-holder\">\n\t\t\t\t\t<h4 class=\"qode-icwi-title\">\n\t\t\t\tMIN\u0150S\u00c9GI TERM\u00c9KEK\t\t\t<\/h4>\n\t\t\t\t\t\t\t<p class=\"qode-icwi-text\">\n\t\t\t\tA teljes gy\u00e1rt\u00e1si folyamatot mi v\u00e9gezz\u00fck \u2013 a h\u00e1moz\u00e1st\u00f3l a csomagol\u00e1sig.\n\nMinden alapanyag \u00e9s k\u00e9szterm\u00e9k Szerbi\u00e1ban k\u00e9sz\u00fcl.\t\t\t<\/p>\n\t\t\t<\/div>\n<\/div>\t\t\t\t<\/div>\n\t\t\t\t<\/div>\n\t\t\t\t<div class=\"elementor-element elementor-element-b87297d elementor-widget elementor-widget-bridge_info_card_with_icon\" data-id=\"b87297d\" data-element_type=\"widget\" data-widget_type=\"bridge_info_card_with_icon.default\">\n\t\t\t\t<div class=\"elementor-widget-container\">\n\t\t\t\t\t<div class=\"qode-info-card-with-icon\">\n    <div class=\"qode-icwi-image-icon-holder qode-start-icon-hover\">\n\t\t\t\t\t\t\t<div class=\"qode-icwi-image\">\n\t\t\t\t<img decoding=\"async\" src=\"https:\/\/www.lakiluk.rs\/wp-content\/uploads\/2025\/05\/laki-luk-proizvodnja.jpg\" alt=\"\" \/>\n\t\t\t<\/div>\n\t\t\t\t<div class=\"qode-icwi-icon-holder\">\n\t\t\t<span class=\"qode-icon-holder qode-icon-circle qode-icon-medium\"  style=\"background-color:#02010100\" data-color=\"#02010100\">\n\t\t\t\t<i class=\"qode_icon_font_awesome fa fa-bookmark qode-icon-element\" style=\"color:#02010100\" ><\/i>\t\t\t<\/span>\n\t\t<\/div>\n\t\t\t<\/div>\n\t<div class=\"qode-icwi-text-holder\">\n\t\t\t\t\t<h4 class=\"qode-icwi-title\">\n\t\t\t\tTECHNOL\u00d3GIAI FEJLESZT\u00c9S\t\t\t<\/h4>\n\t\t\t\t\t\t\t<p class=\"qode-icwi-text\">\n\t\t\t\tInnovat\u00edv gy\u00e1rt\u00e1si technol\u00f3gi\u00e1t alkalmazunk, amely lehet\u0151v\u00e9 teszi term\u00e9keink folyamatos fejleszt\u00e9s\u00e9t \u00e9s \u00faj megold\u00e1sok bevezet\u00e9s\u00e9t.\t\t\t<\/p>\n\t\t\t<\/div>\n<\/div>\t\t\t\t<\/div>\n\t\t\t\t<\/div>\n\t\t\t\t<div class=\"elementor-element elementor-element-790ea45 elementor-widget elementor-widget-bridge_info_card_with_icon\" data-id=\"790ea45\" data-element_type=\"widget\" data-widget_type=\"bridge_info_card_with_icon.default\">\n\t\t\t\t<div class=\"elementor-widget-container\">\n\t\t\t\t\t<div class=\"qode-info-card-with-icon\">\n    <div class=\"qode-icwi-image-icon-holder qode-start-icon-hover\">\n\t\t\t\t\t\t\t<div class=\"qode-icwi-image\">\n\t\t\t\t<img decoding=\"async\" src=\"https:\/\/www.lakiluk.rs\/wp-content\/uploads\/2025\/05\/HACCP-i-IFS.jpg\" alt=\"\" \/>\n\t\t\t<\/div>\n\t\t\t\t<div class=\"qode-icwi-icon-holder\">\n\t\t\t<span class=\"qode-icon-holder qode-icon-circle qode-icon-medium\"  style=\"background-color:#02010100\" data-color=\"#02010100\">\n\t\t\t\t<i class=\"qode_icon_font_awesome fa fa-address-card qode-icon-element\" style=\"color:#02010100\" ><\/i>\t\t\t<\/span>\n\t\t<\/div>\n\t\t\t<\/div>\n\t<div class=\"qode-icwi-text-holder\">\n\t\t\t\t\t<h4 class=\"qode-icwi-title\">\n\t\t\t\tHACCP \u00c9S IFS SZABV\u00c1NYOK\t\t\t<\/h4>\n\t\t\t\t\t\t\t<p class=\"qode-icwi-text\">\n\t\t\t\tAz \u00e9lelmiszerbiztons\u00e1g els\u0151dleges szempont.\nA nemzetk\u00f6zileg elismert HACCP \u00e9s IFS szabv\u00e1nyok betart\u00e1sa teljes megb\u00edzhat\u00f3s\u00e1got ny\u00fajt partnereink sz\u00e1m\u00e1ra.\t\t\t<\/p>\n\t\t\t<\/div>\n<\/div>\t\t\t\t<\/div>\n\t\t\t\t<\/div>\n\t\t\t\t\t<\/div>\n\t\t\t\t<\/div>\n\t\t<div class=\"elementor-element elementor-element-3e9cdc5 e-flex e-con-boxed parallax_section_no qode_elementor_container_no e-con e-parent\" data-id=\"3e9cdc5\" data-element_type=\"container\" data-settings=\"{&quot;background_background&quot;:&quot;classic&quot;}\">\n\t\t\t\t\t<div class=\"e-con-inner\">\n\t\t\t\t<div class=\"elementor-element elementor-element-b02f9f9 elementor-widget elementor-widget-heading\" data-id=\"b02f9f9\" data-element_type=\"widget\" data-widget_type=\"heading.default\">\n\t\t\t\t<div class=\"elementor-widget-container\">\n\t\t\t\t\t<h2 class=\"elementor-heading-title elementor-size-default\">Biztos megold\u00e1s az \u00e9telek gyors \u00e9s egyszer\u0171 elk\u00e9sz\u00edt\u00e9s\u00e9hez<\/h2>\t\t\t\t<\/div>\n\t\t\t\t<\/div>\n\t\t\t\t\t<\/div>\n\t\t\t\t<\/div>\n\t\t<div class=\"elementor-element elementor-element-bc926f6 e-flex e-con-boxed parallax_section_no qode_elementor_container_no e-con e-parent\" data-id=\"bc926f6\" data-element_type=\"container\">\n\t\t\t\t\t<div class=\"e-con-inner\">\n\t\t<div class=\"elementor-element elementor-element-8cda637 e-con-full e-flex parallax_section_no qode_elementor_container_no e-con e-child\" data-id=\"8cda637\" data-element_type=\"container\" data-settings=\"{&quot;background_background&quot;:&quot;classic&quot;}\">\n\t\t\t\t<\/div>\n\t\t<div class=\"elementor-element elementor-element-8a2949d e-con-full e-flex parallax_section_no qode_elementor_container_no e-con e-child\" data-id=\"8a2949d\" data-element_type=\"container\">\n\t\t<div class=\"elementor-element elementor-element-3a76c45 e-con-full e-flex parallax_section_no qode_elementor_container_no e-con e-child\" data-id=\"3a76c45\" data-element_type=\"container\">\n\t\t\t\t<div class=\"elementor-element elementor-element-952be19 elementor-widget elementor-widget-text-editor\" data-id=\"952be19\" data-element_type=\"widget\" data-widget_type=\"text-editor.default\">\n\t\t\t\t<div class=\"elementor-widget-container\">\n\t\t\t\t\t\t\t\t\t<p><b><\/b>Mi\u00e9rt a Laki Luk?\n\u2022\tegyszer\u0171 \u00e9s gyors megold\u00e1s \u00e9telk\u00e9sz\u00edt\u00e9shez\n\u2022\tB2B piacra optimaliz\u00e1lt term\u00e9kek\n\u2022\trugalmas gy\u00e1rt\u00e1s\n\u2022\t\u00e1lland\u00f3, kiv\u00e1l\u00f3 min\u0151s\u00e9g<\/p>\t\t\t\t\t\t\t\t<\/div>\n\t\t\t\t<\/div>\n\t\t\t\t<div class=\"elementor-element elementor-element-64140af elementor-widget elementor-widget-text-editor\" data-id=\"64140af\" data-element_type=\"widget\" data-widget_type=\"text-editor.default\">\n\t\t\t\t<div class=\"elementor-widget-container\">\n\t\t\t\t\t\t\t\t\t<p>Legyen sz\u00f3 k\u00e9sz\u00e9telek gy\u00e1rt\u00e1s\u00e1r\u00f3l vagy vend\u00e9gl\u00e1t\u00f3i szolg\u00e1ltat\u00e1sokr\u00f3l, a Laki Luk n\u00f6veli m\u0171k\u00f6d\u00e9se hat\u00e9konys\u00e1g\u00e1t \u00e9s hozz\u00e1j\u00e1rul a kiv\u00e1l\u00f3 \u00edz\u00e9lm\u00e9nyhez.<\/p>\t\t\t\t\t\t\t\t<\/div>\n\t\t\t\t<\/div>\n\t\t\t\t<\/div>\n\t\t\t\t<\/div>\n\t\t\t\t\t<\/div>\n\t\t\t\t<\/div>\n\t\t<div class=\"elementor-element elementor-element-5d9acc5 e-grid e-con-boxed parallax_section_no qode_elementor_container_no e-con e-parent\" data-id=\"5d9acc5\" data-element_type=\"container\" data-settings=\"{&quot;background_background&quot;:&quot;classic&quot;}\">\n\t\t\t\t\t<div class=\"e-con-inner\">\n\t\t<div class=\"elementor-element elementor-element-542ea79 e-con-full e-flex parallax_section_no qode_elementor_container_no e-con e-child\" data-id=\"542ea79\" data-element_type=\"container\">\n\t\t\t\t<div class=\"elementor-element elementor-element-cb1dde1 elementor-widget elementor-widget-image\" data-id=\"cb1dde1\" data-element_type=\"widget\" data-widget_type=\"image.default\">\n\t\t\t\t<div class=\"elementor-widget-container\">\n\t\t\t\t\t\t\t\t\t\t\t\t\t\t\t<img fetchpriority=\"high\" decoding=\"async\" width=\"265\" height=\"300\" src=\"https:\/\/www.lakiluk.rs\/wp-content\/uploads\/2025\/04\/laki_luk_logo_pattern-265x300.png\" class=\"attachment-medium size-medium wp-image-1277\" alt=\"\" srcset=\"https:\/\/www.lakiluk.rs\/wp-content\/uploads\/2025\/04\/laki_luk_logo_pattern-265x300.png 265w, https:\/\/www.lakiluk.rs\/wp-content\/uploads\/2025\/04\/laki_luk_logo_pattern.png 637w\" sizes=\"(max-width: 265px) 100vw, 265px\" \/>\t\t\t\t\t\t\t\t\t\t\t\t\t\t\t<\/div>\n\t\t\t\t<\/div>\n\t\t\t\t<\/div>\n\t\t<div class=\"elementor-element elementor-element-1a65923 e-con-full e-flex parallax_section_no qode_elementor_container_no e-con e-child\" data-id=\"1a65923\" data-element_type=\"container\">\n\t\t\t\t<div class=\"elementor-element elementor-element-3007f5f elementor-widget elementor-widget-text-editor\" data-id=\"3007f5f\" data-element_type=\"widget\" data-widget_type=\"text-editor.default\">\n\t\t\t\t<div class=\"elementor-widget-container\">\n\t\t\t\t\t\t\t\t\t<div id=\"block-13\" class=\"widget widget_block\"><a href=\"https:\/\/www.lakiluk.rs\/hu\/proizvodi\/\">V\u00d6R\u00d6SHAGYMA<\/a><\/div>\t\t\t\t\t\t\t\t<\/div>\n\t\t\t\t<\/div>\n\t\t\t\t<div class=\"elementor-element elementor-element-6dc84c0 elementor-widget elementor-widget-text-editor\" data-id=\"6dc84c0\" data-element_type=\"widget\" data-widget_type=\"text-editor.default\">\n\t\t\t\t<div class=\"elementor-widget-container\">\n\t\t\t\t\t\t\t\t\t<div id=\"block-13\" class=\"widget widget_block\"><p><a href=\"https:\/\/www.lakiluk.rs\/hu\/dinstani-luk\/\">DINSZTELT V\u00d6R\u00d6SHAGYMA -kock\u00e1ra v\u00e1gva<\/a><\/p><p><a href=\"https:\/\/www.lakiluk.rs\/hu\/dinstani-luk-pasiran\/\">DINSZTELT V\u00d6R\u00d6RHAGYMA \u2013 P\u00dcR\u00c9S\u00cdTVE<\/a><\/p><p><a href=\"https:\/\/www.lakiluk.rs\/hu\/dinstani-luk-uprzen\/\">DINSZTELT \u00c9S PIR\u00cdTOTT V\u00d6R\u00d6SHAGYMA<\/a><\/p><p><a href=\"https:\/\/www.lakiluk.rs\/hu\/dinstani-luk-specijalni\/\">Speci\u00e1lis term\u00e9k<\/a><\/p><\/div>\t\t\t\t\t\t\t\t<\/div>\n\t\t\t\t<\/div>\n\t\t\t\t<\/div>\n\t\t<div class=\"elementor-element elementor-element-4348361 e-con-full e-flex parallax_section_no qode_elementor_container_no e-con e-child\" data-id=\"4348361\" data-element_type=\"container\">\n\t\t\t\t<div class=\"elementor-element elementor-element-d43d3ca elementor-widget elementor-widget-text-editor\" data-id=\"d43d3ca\" data-element_type=\"widget\" data-widget_type=\"text-editor.default\">\n\t\t\t\t<div class=\"elementor-widget-container\">\n\t\t\t\t\t\t\t\t\t<p><a href=\"https:\/\/www.lakiluk.rs\/hu\/o-nama\/\">R\u00d3LUNK<\/a><\/p><p><a style=\"text-align: var(--text-align);\" href=\"https:\/\/www.lakiluk.rs\/hu\/recepti\/\">Recept\u00f6tletek<\/a><\/p><p><a href=\"https:\/\/www.lakiluk.rs\/hu\/kontakt\/\">KAPCSOLAT<\/a><\/p>\t\t\t\t\t\t\t\t<\/div>\n\t\t\t\t<\/div>\n\t\t\t\t<div class=\"elementor-element elementor-element-fbc2e7b elementor-widget elementor-widget-text-editor\" data-id=\"fbc2e7b\" data-element_type=\"widget\" data-widget_type=\"text-editor.default\">\n\t\t\t\t<div class=\"elementor-widget-container\">\n\t\t\t\t\t\t\t\t\t<div id=\"block-17\" class=\"widget widget_block widget_text\"><p>\u0160afarikova 15, 2100 Novi Sad<\/p><\/div><div id=\"block-19\" class=\"widget widget_block widget_text\"><p>Fi\u00f3ktelep 1, Partizanska 6, Kucura<\/p><\/div>\t\t\t\t\t\t\t\t<\/div>\n\t\t\t\t<\/div>\n\t\t\t\t<\/div>\n\t\t<div class=\"elementor-element elementor-element-90bf196 e-con-full e-flex parallax_section_no qode_elementor_container_no e-con e-child\" data-id=\"90bf196\" data-element_type=\"container\">\n\t\t\t\t<div class=\"elementor-element elementor-element-c414829 elementor-widget elementor-widget-text-editor\" data-id=\"c414829\" data-element_type=\"widget\" data-widget_type=\"text-editor.default\">\n\t\t\t\t<div class=\"elementor-widget-container\">\n\t\t\t\t\t\t\t\t\t<div id=\"block-20\" class=\"widget widget_block widget_text\"><div><div id=\"block-20\" class=\"widget widget_block widget_text\"><p><a href=\"tel: 381 21 422 225\">+381 21 422 225<\/a><\/p><\/div><div id=\"block-21\" class=\"widget widget_block widget_text\"><p><a href=\"tel: 381 63 593 444\">+381 63 593 444<\/a><\/p><\/div><\/div><\/div>\t\t\t\t\t\t\t\t<\/div>\n\t\t\t\t<\/div>\n\t\t\t\t<div class=\"elementor-element elementor-element-4e93df6 elementor-widget elementor-widget-text-editor\" data-id=\"4e93df6\" data-element_type=\"widget\" data-widget_type=\"text-editor.default\">\n\t\t\t\t<div class=\"elementor-widget-container\">\n\t\t\t\t\t\t\t\t\t<div><div id=\"block-20\" class=\"widget widget_block widget_text\">K\u00d6VESSEN MINKET<\/div><\/div>\t\t\t\t\t\t\t\t<\/div>\n\t\t\t\t<\/div>\n\t\t\t\t<div class=\"elementor-element elementor-element-4c80d92 e-grid-align-left e-grid-align-mobile-left elementor-shape-rounded elementor-grid-0 elementor-widget elementor-widget-social-icons\" data-id=\"4c80d92\" data-element_type=\"widget\" data-widget_type=\"social-icons.default\">\n\t\t\t\t<div class=\"elementor-widget-container\">\n\t\t\t\t\t\t\t<div class=\"elementor-social-icons-wrapper elementor-grid\">\n\t\t\t\t\t\t\t<span class=\"elementor-grid-item\">\n\t\t\t\t\t<a class=\"elementor-icon elementor-social-icon elementor-social-icon-facebook elementor-animation-pop elementor-repeater-item-5b6055a\" href=\"https:\/\/www.facebook.com\/people\/Dinstani-luk\/100081293097501\/\" target=\"_blank\">\n\t\t\t\t\t\t<span class=\"elementor-screen-only\">Facebook<\/span>\n\t\t\t\t\t\t<svg class=\"e-font-icon-svg e-fab-facebook\" viewbox=\"0 0 512 512\" xmlns=\"http:\/\/www.w3.org\/2000\/svg\"><path d=\"M504 256C504 119 393 8 256 8S8 119 8 256c0 123.78 90.69 226.38 209.25 245V327.69h-63V256h63v-54.64c0-62.15 37-96.48 93.67-96.48 27.14 0 55.52 4.84 55.52 4.84v61h-31.28c-30.8 0-40.41 19.12-40.41 38.73V256h68.78l-11 71.69h-57.78V501C413.31 482.38 504 379.78 504 256z\"><\/path><\/svg>\t\t\t\t\t<\/a>\n\t\t\t\t<\/span>\n\t\t\t\t\t\t\t<span class=\"elementor-grid-item\">\n\t\t\t\t\t<a class=\"elementor-icon elementor-social-icon elementor-social-icon-instagram elementor-animation-pop elementor-repeater-item-63779c7\" href=\"https:\/\/www.instagram.com\/dinstani_luk\/\" target=\"_blank\">\n\t\t\t\t\t\t<span class=\"elementor-screen-only\">Instagram<\/span>\n\t\t\t\t\t\t<svg class=\"e-font-icon-svg e-fab-instagram\" viewbox=\"0 0 448 512\" xmlns=\"http:\/\/www.w3.org\/2000\/svg\"><path d=\"M224.1 141c-63.6 0-114.9 51.3-114.9 114.9s51.3 114.9 114.9 114.9S339 319.5 339 255.9 287.7 141 224.1 141zm0 189.6c-41.1 0-74.7-33.5-74.7-74.7s33.5-74.7 74.7-74.7 74.7 33.5 74.7 74.7-33.6 74.7-74.7 74.7zm146.4-194.3c0 14.9-12 26.8-26.8 26.8-14.9 0-26.8-12-26.8-26.8s12-26.8 26.8-26.8 26.8 12 26.8 26.8zm76.1 27.2c-1.7-35.9-9.9-67.7-36.2-93.9-26.2-26.2-58-34.4-93.9-36.2-37-2.1-147.9-2.1-184.9 0-35.8 1.7-67.6 9.9-93.9 36.1s-34.4 58-36.2 93.9c-2.1 37-2.1 147.9 0 184.9 1.7 35.9 9.9 67.7 36.2 93.9s58 34.4 93.9 36.2c37 2.1 147.9 2.1 184.9 0 35.9-1.7 67.7-9.9 93.9-36.2 26.2-26.2 34.4-58 36.2-93.9 2.1-37 2.1-147.8 0-184.8zM398.8 388c-7.8 19.6-22.9 34.7-42.6 42.6-29.5 11.7-99.5 9-132.1 9s-102.7 2.6-132.1-9c-19.6-7.8-34.7-22.9-42.6-42.6-11.7-29.5-9-99.5-9-132.1s-2.6-102.7 9-132.1c7.8-19.6 22.9-34.7 42.6-42.6 29.5-11.7 99.5-9 132.1-9s102.7-2.6 132.1 9c19.6 7.8 34.7 22.9 42.6 42.6 11.7 29.5 9 99.5 9 132.1s2.7 102.7-9 132.1z\"><\/path><\/svg>\t\t\t\t\t<\/a>\n\t\t\t\t<\/span>\n\t\t\t\t\t\t\t<span class=\"elementor-grid-item\">\n\t\t\t\t\t<a class=\"elementor-icon elementor-social-icon elementor-social-icon-youtube elementor-animation-pop elementor-repeater-item-199af0c\" href=\"https:\/\/www.youtube.com\/@dinstaniluk\" target=\"_blank\">\n\t\t\t\t\t\t<span class=\"elementor-screen-only\">Youtube<\/span>\n\t\t\t\t\t\t<svg class=\"e-font-icon-svg e-fab-youtube\" viewbox=\"0 0 576 512\" xmlns=\"http:\/\/www.w3.org\/2000\/svg\"><path d=\"M549.655 124.083c-6.281-23.65-24.787-42.276-48.284-48.597C458.781 64 288 64 288 64S117.22 64 74.629 75.486c-23.497 6.322-42.003 24.947-48.284 48.597-11.412 42.867-11.412 132.305-11.412 132.305s0 89.438 11.412 132.305c6.281 23.65 24.787 41.5 48.284 47.821C117.22 448 288 448 288 448s170.78 0 213.371-11.486c23.497-6.321 42.003-24.171 48.284-47.821 11.412-42.867 11.412-132.305 11.412-132.305s0-89.438-11.412-132.305zm-317.51 213.508V175.185l142.739 81.205-142.739 81.201z\"><\/path><\/svg>\t\t\t\t\t<\/a>\n\t\t\t\t<\/span>\n\t\t\t\t\t<\/div>\n\t\t\t\t\t\t<\/div>\n\t\t\t\t<\/div>\n\t\t\t\t<\/div>\n\t\t\t\t\t<\/div>\n\t\t\t\t<\/div>\n\t\t<div class=\"elementor-element elementor-element-5c78b63 e-con-full e-flex parallax_section_no qode_elementor_container_no e-con e-parent\" data-id=\"5c78b63\" data-element_type=\"container\" data-settings=\"{&quot;background_background&quot;:&quot;gradient&quot;}\">\n\t\t<div class=\"elementor-element elementor-element-98d25b8 e-con-full e-flex parallax_section_no qode_elementor_container_no e-con e-child\" data-id=\"98d25b8\" data-element_type=\"container\" data-settings=\"{&quot;background_background&quot;:&quot;classic&quot;}\">\n\t\t\t\t<div class=\"elementor-element elementor-element-5bc7afc elementor-widget elementor-widget-text-editor\" data-id=\"5bc7afc\" data-element_type=\"widget\" data-widget_type=\"text-editor.default\">\n\t\t\t\t<div class=\"elementor-widget-container\">\n\t\t\t\t\t\t\t\t\t<p>\u00a92025 LAKI LUK. Minden jog fenntartva.<\/p>\t\t\t\t\t\t\t\t<\/div>\n\t\t\t\t<\/div>\n\t\t\t\t<\/div>\n\t\t\t\t<\/div>\n\t\t\t\t<\/div>","protected":false},"excerpt":{"rendered":"<p>SPECIJALISTI ZA PRERADU CRNOG LUKA Inovativna re\u0161enja za vrhunski kvalitet i ukus KVALITETNI PROIZVODI Na\u0161a proizvodnja obuhvata celu liniju \u2013 od guljenja do pakovanja, uz garantovan kvalitet. Sve sirovine i proizvodi nastaju u Srbiji, \u010dime pru\u017eamo podr\u0161ku doma\u0107oj ekonomiji i o\u010duvanje resursa. RAZVOJ TEHNOLOGIJE Koristimo&#8230;<\/p>","protected":false},"author":1,"featured_media":0,"parent":0,"menu_order":0,"comment_status":"closed","ping_status":"closed","template":"elementor_header_footer","meta":{"pagelayer_contact_templates":[],"_pagelayer_content":"","footnotes":""},"class_list":["post-31","page","type-page","status-publish","hentry"],"_links":{"self":[{"href":"https:\/\/www.lakiluk.rs\/hu\/wp-json\/wp\/v2\/pages\/31","targetHints":{"allow":["GET"]}}],"collection":[{"href":"https:\/\/www.lakiluk.rs\/hu\/wp-json\/wp\/v2\/pages"}],"about":[{"href":"https:\/\/www.lakiluk.rs\/hu\/wp-json\/wp\/v2\/types\/page"}],"author":[{"embeddable":true,"href":"https:\/\/www.lakiluk.rs\/hu\/wp-json\/wp\/v2\/users\/1"}],"replies":[{"embeddable":true,"href":"https:\/\/www.lakiluk.rs\/hu\/wp-json\/wp\/v2\/comments?post=31"}],"version-history":[{"count":6,"href":"https:\/\/www.lakiluk.rs\/hu\/wp-json\/wp\/v2\/pages\/31\/revisions"}],"predecessor-version":[{"id":3550,"href":"https:\/\/www.lakiluk.rs\/hu\/wp-json\/wp\/v2\/pages\/31\/revisions\/3550"}],"wp:attachment":[{"href":"https:\/\/www.lakiluk.rs\/hu\/wp-json\/wp\/v2\/media?parent=31"}],"curies":[{"name":"wp","href":"https:\/\/api.w.org\/{rel}","templated":true}]}}