{"id":2910,"date":"2025-05-01T11:50:54","date_gmt":"2025-05-01T11:50:54","guid":{"rendered":"https:\/\/lakiluk.rs\/?page_id=2910"},"modified":"2025-06-06T11:01:58","modified_gmt":"2025-06-06T11:01:58","slug":"dinstani-luk-specijalni","status":"publish","type":"page","link":"https:\/\/www.lakiluk.rs\/hu\/dinstani-luk-specijalni\/","title":{"rendered":"DINSTANI LUK &#8211; SPECIJALNI"},"content":{"rendered":"<div data-elementor-type=\"wp-page\" data-elementor-id=\"2910\" class=\"elementor elementor-2910\">\n\t\t\t\t<div data-q_id=\"#UPR\u017dEN\" class=\"elementor-element elementor-element-f70f1f4 e-flex e-con-boxed parallax_section_no qode_elementor_container_no e-con e-parent\" data-id=\"f70f1f4\" data-element_type=\"container\" data-settings=\"{&quot;background_background&quot;:&quot;gradient&quot;,&quot;shape_divider_top&quot;:&quot;waves&quot;}\">\n\t\t\t\t\t<div class=\"e-con-inner\">\n\t\t\t\t<div class=\"elementor-shape elementor-shape-top\" data-negative=\"false\">\n\t\t\t<svg xmlns=\"http:\/\/www.w3.org\/2000\/svg\" viewbox=\"0 0 1000 100\" preserveaspectratio=\"none\">\n\t<path class=\"elementor-shape-fill\" d=\"M421.9,6.5c22.6-2.5,51.5,0.4,75.5,5.3c23.6,4.9,70.9,23.5,100.5,35.7c75.8,32.2,133.7,44.5,192.6,49.7\tc23.6,2.1,48.7,3.5,103.4-2.5c54.7-6,106.2-25.6,106.2-25.6V0H0v30.3c0,0,72,32.6,158.4,30.5c39.2-0.7,92.8-6.7,134-22.4\tc21.2-8.1,52.2-18.2,79.7-24.2C399.3,7.9,411.6,7.5,421.9,6.5z\"\/>\n<\/svg>\t\t<\/div>\n\t\t\t\t<div class=\"elementor-element elementor-element-139b3fc elementor-widget elementor-widget-menu-anchor\" data-id=\"139b3fc\" data-element_type=\"widget\" data-widget_type=\"menu-anchor.default\">\n\t\t\t\t<div class=\"elementor-widget-container\">\n\t\t\t\t\t\t\t<div class=\"elementor-menu-anchor\" id=\"specijalni\"><\/div>\n\t\t\t\t\t\t<\/div>\n\t\t\t\t<\/div>\n\t\t<div class=\"elementor-element elementor-element-a4cb03e e-con-full e-flex parallax_section_no qode_elementor_container_no e-con e-child\" data-id=\"a4cb03e\" data-element_type=\"container\">\n\t\t\t\t<div class=\"elementor-element elementor-element-b66ade2 elementor-widget elementor-widget-heading\" data-id=\"b66ade2\" data-element_type=\"widget\" data-widget_type=\"heading.default\">\n\t\t\t\t<div class=\"elementor-widget-container\">\n\t\t\t\t\t<h2 class=\"elementor-heading-title elementor-size-default\">Speci\u00e1lis term\u00e9k <br>A MEGRENDEL\u0150 RECEPTJE ALAPJ\u00c1N<\/h2>\t\t\t\t<\/div>\n\t\t\t\t<\/div>\n\t\t\t\t<div class=\"elementor-element elementor-element-df5a3bc elementor-widget elementor-widget-heading\" data-id=\"df5a3bc\" data-element_type=\"widget\" data-widget_type=\"heading.default\">\n\t\t\t\t<div class=\"elementor-widget-container\">\n\t\t\t\t\t<h2 class=\"elementor-heading-title elementor-size-default\">K\u00c9SZ\u00dcLT V\u00d6R\u00d6SHAGYMA TERM\u00c9KEK<\/h2>\t\t\t\t<\/div>\n\t\t\t\t<\/div>\n\t\t\t\t<div class=\"elementor-element elementor-element-7f03cf8 elementor-widget-divider--view-line elementor-widget elementor-widget-divider\" data-id=\"7f03cf8\" data-element_type=\"widget\" data-widget_type=\"divider.default\">\n\t\t\t\t<div class=\"elementor-widget-container\">\n\t\t\t\t\t\t\t<div class=\"elementor-divider\">\n\t\t\t<span class=\"elementor-divider-separator\">\n\t\t\t\t\t\t<\/span>\n\t\t<\/div>\n\t\t\t\t\t\t<\/div>\n\t\t\t\t<\/div>\n\t\t\t\t<div class=\"elementor-element elementor-element-b65eca4 elementor-widget elementor-widget-text-editor\" data-id=\"b65eca4\" data-element_type=\"widget\" data-widget_type=\"text-editor.default\">\n\t\t\t\t<div class=\"elementor-widget-container\">\n\t\t\t\t\t\t\t\t\t<p>A vev\u0151 ig\u00e9nyei szerint speci\u00e1lis hagyma alap\u00fa term\u00e9keket gy\u00e1rtunk.<\/p>\t\t\t\t\t\t\t\t<\/div>\n\t\t\t\t<\/div>\n\t\t\t\t<div class=\"elementor-element elementor-element-2bd5c81 elementor-widget-divider--view-line elementor-widget elementor-widget-divider\" data-id=\"2bd5c81\" data-element_type=\"widget\" data-widget_type=\"divider.default\">\n\t\t\t\t<div class=\"elementor-widget-container\">\n\t\t\t\t\t\t\t<div class=\"elementor-divider\">\n\t\t\t<span class=\"elementor-divider-separator\">\n\t\t\t\t\t\t<\/span>\n\t\t<\/div>\n\t\t\t\t\t\t<\/div>\n\t\t\t\t<\/div>\n\t\t\t\t<\/div>\n\t\t<div class=\"elementor-element elementor-element-dee4050 e-con-full e-flex parallax_section_no qode_elementor_container_no e-con e-child\" data-id=\"dee4050\" data-element_type=\"container\">\n\t\t\t\t<div class=\"elementor-element elementor-element-aa179a6 elementor-widget elementor-widget-image\" data-id=\"aa179a6\" data-element_type=\"widget\" data-widget_type=\"image.default\">\n\t\t\t\t<div class=\"elementor-widget-container\">\n\t\t\t\t\t\t\t\t\t\t\t\t\t\t\t<img fetchpriority=\"high\" decoding=\"async\" width=\"579\" height=\"1051\" src=\"https:\/\/www.lakiluk.rs\/wp-content\/uploads\/2025\/04\/Laki-Luk-Specijalni.png\" class=\"attachment-full size-full wp-image-1423\" alt=\"\" srcset=\"https:\/\/www.lakiluk.rs\/wp-content\/uploads\/2025\/04\/Laki-Luk-Specijalni.png 579w, https:\/\/www.lakiluk.rs\/wp-content\/uploads\/2025\/04\/Laki-Luk-Specijalni-165x300.png 165w, https:\/\/www.lakiluk.rs\/wp-content\/uploads\/2025\/04\/Laki-Luk-Specijalni-564x1024.png 564w\" sizes=\"(max-width: 579px) 100vw, 579px\" \/>\t\t\t\t\t\t\t\t\t\t\t\t\t\t\t<\/div>\n\t\t\t\t<\/div>\n\t\t\t\t<\/div>\n\t\t<div class=\"elementor-element elementor-element-4fdcde4 e-con-full e-flex parallax_section_no qode_elementor_container_no e-con e-child\" data-id=\"4fdcde4\" data-element_type=\"container\">\n\t\t\t\t<div class=\"elementor-element elementor-element-d12c0e5 elementor-widget elementor-widget-heading\" data-id=\"d12c0e5\" data-element_type=\"widget\" data-widget_type=\"heading.default\">\n\t\t\t\t<div class=\"elementor-widget-container\">\n\t\t\t\t\t<h2 class=\"elementor-heading-title elementor-size-default\">HOZZ\u00c1VAL\u00d3K<\/h2>\t\t\t\t<\/div>\n\t\t\t\t<\/div>\n\t\t\t\t<div class=\"elementor-element elementor-element-97e4c4c elementor-icon-list--layout-traditional elementor-list-item-link-full_width elementor-widget elementor-widget-icon-list\" data-id=\"97e4c4c\" data-element_type=\"widget\" data-widget_type=\"icon-list.default\">\n\t\t\t\t<div class=\"elementor-widget-container\">\n\t\t\t\t\t\t\t<ul class=\"elementor-icon-list-items\">\n\t\t\t\t\t\t\t<li class=\"elementor-icon-list-item\">\n\t\t\t\t\t\t\t\t\t\t\t<span class=\"elementor-icon-list-icon\">\n\t\t\t\t\t\t\t<svg aria-hidden=\"true\" class=\"e-font-icon-svg e-fas-check-circle\" viewbox=\"0 0 512 512\" xmlns=\"http:\/\/www.w3.org\/2000\/svg\"><path d=\"M504 256c0 136.967-111.033 248-248 248S8 392.967 8 256 119.033 8 256 8s248 111.033 248 248zM227.314 387.314l184-184c6.248-6.248 6.248-16.379 0-22.627l-22.627-22.627c-6.248-6.249-16.379-6.249-22.628 0L216 308.118l-70.059-70.059c-6.248-6.248-16.379-6.248-22.628 0l-22.627 22.627c-6.248 6.248-6.248 16.379 0 22.627l104 104c6.249 6.249 16.379 6.249 22.628.001z\"><\/path><\/svg>\t\t\t\t\t\t<\/span>\n\t\t\t\t\t\t\t\t\t\t<span class=\"elementor-icon-list-text\"> % Luk<\/span>\n\t\t\t\t\t\t\t\t\t<\/li>\n\t\t\t\t\t\t<\/ul>\n\t\t\t\t\t\t<\/div>\n\t\t\t\t<\/div>\n\t\t\t\t<div class=\"elementor-element elementor-element-d6d6279 elementor-widget elementor-widget-image\" data-id=\"d6d6279\" data-element_type=\"widget\" data-widget_type=\"image.default\">\n\t\t\t\t<div class=\"elementor-widget-container\">\n\t\t\t\t\t\t\t\t\t\t\t\t\t\t\t<img decoding=\"async\" width=\"157\" height=\"135\" src=\"https:\/\/www.lakiluk.rs\/wp-content\/uploads\/2025\/04\/ikonice-info_2.svg\" class=\"attachment-large size-large wp-image-1027\" alt=\"\" \/>\t\t\t\t\t\t\t\t\t\t\t\t\t\t\t<\/div>\n\t\t\t\t<\/div>\n\t\t\t\t<div class=\"elementor-element elementor-element-a951442 elementor-widget elementor-widget-heading\" data-id=\"a951442\" data-element_type=\"widget\" data-widget_type=\"heading.default\">\n\t\t\t\t<div class=\"elementor-widget-container\">\n\t\t\t\t\t<h2 class=\"elementor-heading-title elementor-size-default\">CSOMAGOL\u00c1SOK<\/h2>\t\t\t\t<\/div>\n\t\t\t\t<\/div>\n\t\t\t\t<div class=\"elementor-element elementor-element-bf8ada4 elementor-widget elementor-widget-image\" data-id=\"bf8ada4\" data-element_type=\"widget\" data-widget_type=\"image.default\">\n\t\t\t\t<div class=\"elementor-widget-container\">\n\t\t\t\t\t\t\t\t\t\t\t\t\t\t\t<img decoding=\"async\" width=\"66\" height=\"114\" src=\"https:\/\/www.lakiluk.rs\/wp-content\/uploads\/2025\/05\/Laki-Luk-3kg.svg\" class=\"attachment-full size-full wp-image-3265\" alt=\"\" \/>\t\t\t\t\t\t\t\t\t\t\t\t\t\t\t<\/div>\n\t\t\t\t<\/div>\n\t\t\t\t<\/div>\n\t\t\t\t\t<\/div>\n\t\t\t\t<\/div>\n\t\t<div class=\"elementor-element elementor-element-860abe6 e-grid e-con-boxed parallax_section_no qode_elementor_container_no e-con e-parent\" data-id=\"860abe6\" data-element_type=\"container\" data-settings=\"{&quot;background_background&quot;:&quot;classic&quot;}\">\n\t\t\t\t\t<div class=\"e-con-inner\">\n\t\t<div class=\"elementor-element elementor-element-f0ba636 e-con-full e-flex parallax_section_no qode_elementor_container_no e-con e-child\" data-id=\"f0ba636\" data-element_type=\"container\">\n\t\t\t\t<div class=\"elementor-element elementor-element-189144b elementor-widget elementor-widget-image\" data-id=\"189144b\" data-element_type=\"widget\" data-widget_type=\"image.default\">\n\t\t\t\t<div class=\"elementor-widget-container\">\n\t\t\t\t\t\t\t\t\t\t\t\t\t\t\t<img loading=\"lazy\" decoding=\"async\" width=\"265\" height=\"300\" src=\"https:\/\/www.lakiluk.rs\/wp-content\/uploads\/2025\/04\/laki_luk_logo_pattern-265x300.png\" class=\"attachment-medium size-medium wp-image-1277\" alt=\"\" srcset=\"https:\/\/www.lakiluk.rs\/wp-content\/uploads\/2025\/04\/laki_luk_logo_pattern-265x300.png 265w, https:\/\/www.lakiluk.rs\/wp-content\/uploads\/2025\/04\/laki_luk_logo_pattern.png 637w\" sizes=\"(max-width: 265px) 100vw, 265px\" \/>\t\t\t\t\t\t\t\t\t\t\t\t\t\t\t<\/div>\n\t\t\t\t<\/div>\n\t\t\t\t<\/div>\n\t\t<div class=\"elementor-element elementor-element-f9a6589 e-con-full e-flex parallax_section_no qode_elementor_container_no e-con e-child\" data-id=\"f9a6589\" data-element_type=\"container\">\n\t\t\t\t<div class=\"elementor-element elementor-element-f3c3bbe elementor-widget elementor-widget-text-editor\" data-id=\"f3c3bbe\" data-element_type=\"widget\" data-widget_type=\"text-editor.default\">\n\t\t\t\t<div class=\"elementor-widget-container\">\n\t\t\t\t\t\t\t\t\t<div id=\"block-13\" class=\"widget widget_block\"><a href=\"https:\/\/www.lakiluk.rs\/hu\/proizvodi\/\">V\u00d6R\u00d6SHAGYMA<\/a><\/div>\t\t\t\t\t\t\t\t<\/div>\n\t\t\t\t<\/div>\n\t\t\t\t<div class=\"elementor-element elementor-element-9d4ad9c elementor-widget elementor-widget-text-editor\" data-id=\"9d4ad9c\" data-element_type=\"widget\" data-widget_type=\"text-editor.default\">\n\t\t\t\t<div class=\"elementor-widget-container\">\n\t\t\t\t\t\t\t\t\t<div id=\"block-13\" class=\"widget widget_block\"><p><a href=\"https:\/\/www.lakiluk.rs\/hu\/dinstani-luk\/\">DINSZTELT V\u00d6R\u00d6SHAGYMA -kock\u00e1ra v\u00e1gva<\/a><\/p><p><a href=\"https:\/\/www.lakiluk.rs\/hu\/dinstani-luk-pasiran\/\">DINSZTELT V\u00d6R\u00d6RHAGYMA \u2013 P\u00dcR\u00c9S\u00cdTVE<\/a><\/p><p><a href=\"https:\/\/www.lakiluk.rs\/hu\/dinstani-luk-uprzen\/\">DINSZTELT \u00c9S PIR\u00cdTOTT V\u00d6R\u00d6SHAGYMA<\/a><\/p><p><a href=\"https:\/\/www.lakiluk.rs\/hu\/dinstani-luk-specijalni\/\">Speci\u00e1lis term\u00e9k<\/a><\/p><\/div>\t\t\t\t\t\t\t\t<\/div>\n\t\t\t\t<\/div>\n\t\t\t\t<\/div>\n\t\t<div class=\"elementor-element elementor-element-a3920ff e-con-full e-flex parallax_section_no qode_elementor_container_no e-con e-child\" data-id=\"a3920ff\" data-element_type=\"container\">\n\t\t\t\t<div class=\"elementor-element elementor-element-6322539 elementor-widget elementor-widget-text-editor\" data-id=\"6322539\" data-element_type=\"widget\" data-widget_type=\"text-editor.default\">\n\t\t\t\t<div class=\"elementor-widget-container\">\n\t\t\t\t\t\t\t\t\t<p><a href=\"https:\/\/www.lakiluk.rs\/hu\/o-nama\/\">R\u00d3LUNK<\/a><\/p><p><a style=\"text-align: var(--text-align);\" href=\"https:\/\/www.lakiluk.rs\/hu\/recepti\/\">Recept\u00f6tletek<\/a><\/p><p><a href=\"https:\/\/www.lakiluk.rs\/hu\/kontakt\/\">KAPCSOLAT<\/a><\/p>\t\t\t\t\t\t\t\t<\/div>\n\t\t\t\t<\/div>\n\t\t\t\t<div class=\"elementor-element elementor-element-bc0a2ca elementor-widget elementor-widget-text-editor\" data-id=\"bc0a2ca\" data-element_type=\"widget\" data-widget_type=\"text-editor.default\">\n\t\t\t\t<div class=\"elementor-widget-container\">\n\t\t\t\t\t\t\t\t\t<div id=\"block-17\" class=\"widget widget_block widget_text\"><p>\u0160afarikova 15, 2100 Novi Sad<\/p><\/div><div id=\"block-19\" class=\"widget widget_block widget_text\"><p>Fi\u00f3ktelep 1, Partizanska 6, Kucura<\/p><\/div>\t\t\t\t\t\t\t\t<\/div>\n\t\t\t\t<\/div>\n\t\t\t\t<\/div>\n\t\t<div class=\"elementor-element elementor-element-0b51745 e-con-full e-flex parallax_section_no qode_elementor_container_no e-con e-child\" data-id=\"0b51745\" data-element_type=\"container\">\n\t\t\t\t<div class=\"elementor-element elementor-element-e4d5b4c elementor-widget elementor-widget-text-editor\" data-id=\"e4d5b4c\" data-element_type=\"widget\" data-widget_type=\"text-editor.default\">\n\t\t\t\t<div class=\"elementor-widget-container\">\n\t\t\t\t\t\t\t\t\t<div id=\"block-20\" class=\"widget widget_block widget_text\"><div><div id=\"block-20\" class=\"widget widget_block widget_text\"><p><a href=\"tel: 381 21 422 225\">+381 21 422 225<\/a><\/p><\/div><div id=\"block-21\" class=\"widget widget_block widget_text\"><p><a href=\"tel: 381 63 593 444\">+381 63 593 444<\/a><\/p><\/div><\/div><\/div>\t\t\t\t\t\t\t\t<\/div>\n\t\t\t\t<\/div>\n\t\t\t\t<div class=\"elementor-element elementor-element-c04edde elementor-widget elementor-widget-text-editor\" data-id=\"c04edde\" data-element_type=\"widget\" data-widget_type=\"text-editor.default\">\n\t\t\t\t<div class=\"elementor-widget-container\">\n\t\t\t\t\t\t\t\t\t<div><div id=\"block-20\" class=\"widget widget_block widget_text\">K\u00d6VESSEN MINKET<\/div><\/div>\t\t\t\t\t\t\t\t<\/div>\n\t\t\t\t<\/div>\n\t\t\t\t<div class=\"elementor-element elementor-element-bc52d52 e-grid-align-left e-grid-align-mobile-left elementor-shape-rounded elementor-grid-0 elementor-widget elementor-widget-social-icons\" data-id=\"bc52d52\" data-element_type=\"widget\" data-widget_type=\"social-icons.default\">\n\t\t\t\t<div class=\"elementor-widget-container\">\n\t\t\t\t\t\t\t<div class=\"elementor-social-icons-wrapper elementor-grid\">\n\t\t\t\t\t\t\t<span class=\"elementor-grid-item\">\n\t\t\t\t\t<a class=\"elementor-icon elementor-social-icon elementor-social-icon-facebook elementor-animation-pop elementor-repeater-item-5b6055a\" href=\"https:\/\/www.facebook.com\/people\/Dinstani-luk\/100081293097501\/\" target=\"_blank\">\n\t\t\t\t\t\t<span class=\"elementor-screen-only\">Facebook<\/span>\n\t\t\t\t\t\t<svg class=\"e-font-icon-svg e-fab-facebook\" viewbox=\"0 0 512 512\" xmlns=\"http:\/\/www.w3.org\/2000\/svg\"><path d=\"M504 256C504 119 393 8 256 8S8 119 8 256c0 123.78 90.69 226.38 209.25 245V327.69h-63V256h63v-54.64c0-62.15 37-96.48 93.67-96.48 27.14 0 55.52 4.84 55.52 4.84v61h-31.28c-30.8 0-40.41 19.12-40.41 38.73V256h68.78l-11 71.69h-57.78V501C413.31 482.38 504 379.78 504 256z\"><\/path><\/svg>\t\t\t\t\t<\/a>\n\t\t\t\t<\/span>\n\t\t\t\t\t\t\t<span class=\"elementor-grid-item\">\n\t\t\t\t\t<a class=\"elementor-icon elementor-social-icon elementor-social-icon-instagram elementor-animation-pop elementor-repeater-item-63779c7\" href=\"https:\/\/www.instagram.com\/dinstani_luk\/\" target=\"_blank\">\n\t\t\t\t\t\t<span class=\"elementor-screen-only\">Instagram<\/span>\n\t\t\t\t\t\t<svg class=\"e-font-icon-svg e-fab-instagram\" viewbox=\"0 0 448 512\" xmlns=\"http:\/\/www.w3.org\/2000\/svg\"><path d=\"M224.1 141c-63.6 0-114.9 51.3-114.9 114.9s51.3 114.9 114.9 114.9S339 319.5 339 255.9 287.7 141 224.1 141zm0 189.6c-41.1 0-74.7-33.5-74.7-74.7s33.5-74.7 74.7-74.7 74.7 33.5 74.7 74.7-33.6 74.7-74.7 74.7zm146.4-194.3c0 14.9-12 26.8-26.8 26.8-14.9 0-26.8-12-26.8-26.8s12-26.8 26.8-26.8 26.8 12 26.8 26.8zm76.1 27.2c-1.7-35.9-9.9-67.7-36.2-93.9-26.2-26.2-58-34.4-93.9-36.2-37-2.1-147.9-2.1-184.9 0-35.8 1.7-67.6 9.9-93.9 36.1s-34.4 58-36.2 93.9c-2.1 37-2.1 147.9 0 184.9 1.7 35.9 9.9 67.7 36.2 93.9s58 34.4 93.9 36.2c37 2.1 147.9 2.1 184.9 0 35.9-1.7 67.7-9.9 93.9-36.2 26.2-26.2 34.4-58 36.2-93.9 2.1-37 2.1-147.8 0-184.8zM398.8 388c-7.8 19.6-22.9 34.7-42.6 42.6-29.5 11.7-99.5 9-132.1 9s-102.7 2.6-132.1-9c-19.6-7.8-34.7-22.9-42.6-42.6-11.7-29.5-9-99.5-9-132.1s-2.6-102.7 9-132.1c7.8-19.6 22.9-34.7 42.6-42.6 29.5-11.7 99.5-9 132.1-9s102.7-2.6 132.1 9c19.6 7.8 34.7 22.9 42.6 42.6 11.7 29.5 9 99.5 9 132.1s2.7 102.7-9 132.1z\"><\/path><\/svg>\t\t\t\t\t<\/a>\n\t\t\t\t<\/span>\n\t\t\t\t\t\t\t<span class=\"elementor-grid-item\">\n\t\t\t\t\t<a class=\"elementor-icon elementor-social-icon elementor-social-icon-youtube elementor-animation-pop elementor-repeater-item-199af0c\" href=\"https:\/\/www.youtube.com\/@dinstaniluk\" target=\"_blank\">\n\t\t\t\t\t\t<span class=\"elementor-screen-only\">Youtube<\/span>\n\t\t\t\t\t\t<svg class=\"e-font-icon-svg e-fab-youtube\" viewbox=\"0 0 576 512\" xmlns=\"http:\/\/www.w3.org\/2000\/svg\"><path d=\"M549.655 124.083c-6.281-23.65-24.787-42.276-48.284-48.597C458.781 64 288 64 288 64S117.22 64 74.629 75.486c-23.497 6.322-42.003 24.947-48.284 48.597-11.412 42.867-11.412 132.305-11.412 132.305s0 89.438 11.412 132.305c6.281 23.65 24.787 41.5 48.284 47.821C117.22 448 288 448 288 448s170.78 0 213.371-11.486c23.497-6.321 42.003-24.171 48.284-47.821 11.412-42.867 11.412-132.305 11.412-132.305s0-89.438-11.412-132.305zm-317.51 213.508V175.185l142.739 81.205-142.739 81.201z\"><\/path><\/svg>\t\t\t\t\t<\/a>\n\t\t\t\t<\/span>\n\t\t\t\t\t<\/div>\n\t\t\t\t\t\t<\/div>\n\t\t\t\t<\/div>\n\t\t\t\t<\/div>\n\t\t\t\t\t<\/div>\n\t\t\t\t<\/div>\n\t\t<div class=\"elementor-element elementor-element-bf8ed10 e-con-full e-flex parallax_section_no qode_elementor_container_no e-con e-parent\" data-id=\"bf8ed10\" data-element_type=\"container\" data-settings=\"{&quot;background_background&quot;:&quot;gradient&quot;}\">\n\t\t<div class=\"elementor-element elementor-element-4180007 e-con-full e-flex parallax_section_no qode_elementor_container_no e-con e-child\" data-id=\"4180007\" data-element_type=\"container\" data-settings=\"{&quot;background_background&quot;:&quot;classic&quot;}\">\n\t\t\t\t<div class=\"elementor-element elementor-element-ab26812 elementor-widget elementor-widget-text-editor\" data-id=\"ab26812\" data-element_type=\"widget\" data-widget_type=\"text-editor.default\">\n\t\t\t\t<div class=\"elementor-widget-container\">\n\t\t\t\t\t\t\t\t\t<p>\u00a92025 LAKI LUK. Minden jog fenntartva.<\/p>\t\t\t\t\t\t\t\t<\/div>\n\t\t\t\t<\/div>\n\t\t\t\t<\/div>\n\t\t\t\t<\/div>\n\t\t\t\t<\/div>","protected":false},"excerpt":{"rendered":"<p>SPECIJALNI PROIZVODI OD LUKA PO VA\u0160OJ RECEPTURI Proizvodimo specijalne proizvode od luka po zahtevu kupca. SASTOJCI % Luk PAKOVANJA PROIZVODI Dinstani luk Dinstani luk &#8211; Pasiran Dinstani luk &#8211; Upr\u017een Specijalni proizvodi O NAMA RECEPTI KONTAKT \u0160afarikova 15, 2100 Novi Sad Ogranak 1, Partizanska 6,&#8230;<\/p>","protected":false},"author":1,"featured_media":0,"parent":0,"menu_order":0,"comment_status":"closed","ping_status":"closed","template":"elementor_header_footer","meta":{"pagelayer_contact_templates":[],"_pagelayer_content":"","footnotes":""},"class_list":["post-2910","page","type-page","status-publish","hentry"],"_links":{"self":[{"href":"https:\/\/www.lakiluk.rs\/hu\/wp-json\/wp\/v2\/pages\/2910","targetHints":{"allow":["GET"]}}],"collection":[{"href":"https:\/\/www.lakiluk.rs\/hu\/wp-json\/wp\/v2\/pages"}],"about":[{"href":"https:\/\/www.lakiluk.rs\/hu\/wp-json\/wp\/v2\/types\/page"}],"author":[{"embeddable":true,"href":"https:\/\/www.lakiluk.rs\/hu\/wp-json\/wp\/v2\/users\/1"}],"replies":[{"embeddable":true,"href":"https:\/\/www.lakiluk.rs\/hu\/wp-json\/wp\/v2\/comments?post=2910"}],"version-history":[{"count":0,"href":"https:\/\/www.lakiluk.rs\/hu\/wp-json\/wp\/v2\/pages\/2910\/revisions"}],"wp:attachment":[{"href":"https:\/\/www.lakiluk.rs\/hu\/wp-json\/wp\/v2\/media?parent=2910"}],"curies":[{"name":"wp","href":"https:\/\/api.w.org\/{rel}","templated":true}]}}